{"id":1909,"date":"2024-04-04T19:31:43","date_gmt":"2024-04-04T19:31:43","guid":{"rendered":"https:\/\/goldcentralapartments.com\/?page_id=1909"},"modified":"2025-02-02T11:21:15","modified_gmt":"2025-02-02T11:21:15","slug":"partnerek","status":"publish","type":"page","link":"https:\/\/goldcentral.hu\/hu\/partnerek\/","title":{"rendered":"Partnerek"},"content":{"rendered":"\t\t<div data-elementor-type=\"wp-page\" data-elementor-id=\"1909\" class=\"elementor elementor-1909 elementor-1928\" data-elementor-post-type=\"page\">\n\t\t\t\t\t\t<section class=\"elementor-section elementor-top-section elementor-element elementor-element-ab7c211 elementor-section-full_width elementor-section-height-default elementor-section-height-default\" data-id=\"ab7c211\" data-element_type=\"section\">\n\t\t\t\t\t\t<div class=\"elementor-container elementor-column-gap-default\">\n\t\t\t\t\t<div class=\"elementor-column elementor-col-100 elementor-top-column elementor-element elementor-element-a112ced\" data-id=\"a112ced\" data-element_type=\"column\">\n\t\t\t<div class=\"elementor-widget-wrap\">\n\t\t\t\t\t\t\t<\/div>\n\t\t<\/div>\n\t\t\t\t\t<\/div>\n\t\t<\/section>\n\t\t\t\t<section class=\"elementor-section elementor-top-section elementor-element elementor-element-2043562 elementor-section-boxed elementor-section-height-default elementor-section-height-default\" data-id=\"2043562\" data-element_type=\"section\">\n\t\t\t\t\t\t<div class=\"elementor-container elementor-column-gap-default\">\n\t\t\t\t\t<div class=\"elementor-column elementor-col-100 elementor-top-column elementor-element elementor-element-c08a8ad\" data-id=\"c08a8ad\" data-element_type=\"column\">\n\t\t\t<div class=\"elementor-widget-wrap elementor-element-populated\">\n\t\t\t\t\t\t<div class=\"elementor-element elementor-element-aac8f9c elementor-widget elementor-widget-image\" data-id=\"aac8f9c\" data-element_type=\"widget\" data-widget_type=\"image.default\">\n\t\t\t\t<div class=\"elementor-widget-container\">\n\t\t\t\t\t\t\t\t\t\t\t\t\t\t\t<img fetchpriority=\"high\" decoding=\"async\" width=\"2048\" height=\"1638\" src=\"https:\/\/goldcentral.hu\/wp-content\/uploads\/2024\/07\/34b44a75-ca84-4f51-8a35-5e93deaa5e0a.jpg\" class=\"attachment-full size-full wp-image-1980\" alt=\"\" srcset=\"https:\/\/goldcentral.hu\/wp-content\/uploads\/2024\/07\/34b44a75-ca84-4f51-8a35-5e93deaa5e0a.jpg 2048w, https:\/\/goldcentral.hu\/wp-content\/uploads\/2024\/07\/34b44a75-ca84-4f51-8a35-5e93deaa5e0a-300x240.jpg 300w, https:\/\/goldcentral.hu\/wp-content\/uploads\/2024\/07\/34b44a75-ca84-4f51-8a35-5e93deaa5e0a-1024x819.jpg 1024w, https:\/\/goldcentral.hu\/wp-content\/uploads\/2024\/07\/34b44a75-ca84-4f51-8a35-5e93deaa5e0a-768x614.jpg 768w, https:\/\/goldcentral.hu\/wp-content\/uploads\/2024\/07\/34b44a75-ca84-4f51-8a35-5e93deaa5e0a-1536x1229.jpg 1536w\" sizes=\"(max-width: 2048px) 100vw, 2048px\" \/>\t\t\t\t\t\t\t\t\t\t\t\t\t\t\t<\/div>\n\t\t\t\t<\/div>\n\t\t\t\t<div class=\"elementor-element elementor-element-e57dee7 elementor-widget elementor-widget-text-editor\" data-id=\"e57dee7\" data-element_type=\"widget\" data-widget_type=\"text-editor.default\">\n\t\t\t\t<div class=\"elementor-widget-container\">\n\t\t\t\t\t\t\t\t\t<p>Tisztelt \u00c9rdekl\u0151d\u0151!<\/p><p>\u00d6r\u00f6mmel \u00fcdv\u00f6z\u00f6lj\u00fck port\u00e1lunkon, ahol a vend\u00e9gl\u00e1t\u00e1s ir\u00e1nti szenved\u00e9ly \u00e9s a professzion\u00e1lis \u00fczleti megk\u00f6zel\u00edt\u00e9s tal\u00e1lkozik!<\/p><p>2014 \u00f3ta foglalkozunk ingatlanok \u00fczemeltet\u00e9s\u00e9vel Budapesten, ami a k\u00f6znyelvben &#8222;AIRBNB&#8221; kiad\u00e1sk\u00e9nt ismert.<\/p><p>Leend\u0151 partnereinknek a k\u00f6vetkez\u0151ket tudjuk k\u00edn\u00e1lni:<\/p><p>1. Konzervat\u00edv \u00e9s kock\u00e1zatmentes lehet\u0151s\u00e9get arra, hogy megfelel\u0151 ingatlant tal\u00e1ljon \u00e9s ebb\u0151l bev\u00e9telt termeljen.<br \/>2. Lakberendez\u00e9s, design kialak\u00edt\u00e1s a kiadhat\u00f3 napok maximaliz\u00e1l\u00e1sa \u00e9s a vend\u00e9gek el\u00e9gedetts\u00e9ge \u00e9rdek\u00e9ben.<br \/>3. A teljes enged\u00e9lyez\u00e9si folyamat megszervez\u00e9se (\u00f6nkorm\u00e1nyzat, ad\u00f3hat\u00f3s\u00e1g, KSH, sz\u00e1ll\u00e1shely min\u0151s\u00edt\u00e9s).<br \/>4. A legkedvez\u0151bb ad\u00f3z\u00e1si lehet\u0151s\u00e9geket ismertet\u00e9se (ad\u00f3sz\u00e1mos mag\u00e1nszem\u00e9ly, Kft., E. V.).<br \/>5. Ingatlan fel\u00faj\u00edt\u00e1s, korszer\u0171s\u00edt\u00e9s \u00e9s karbantart\u00e1s.<br \/>6. Kapcsolattart\u00e1s a vend\u00e9gekkel, k\u00f6z\u00f6s k\u00e9pvisel\u0151kkel, k\u00f6zm\u0171szolg\u00e1ltat\u00f3kkal, t\u00e1mogat\u00f3 rendszerekkel, k\u00f6nyvel\u0151vel.<br \/>7. Regisztr\u00e1ci\u00f3 \u00e9s optimaliz\u00e1l\u00e1s a j\u00f6v\u0151ben haszn\u00e1lt platformokon: Booking.com, Airbnb, VRBO<br \/>8. Tartalomk\u00e9sz\u00edt\u00e9s: min\u0151s\u00e9gi fot\u00f3k, interakt\u00edv vide\u00f3k, nyomtatott anyagok.<br \/>9. Tan\u00e1csad\u00e1s A-t\u00f3l Z-ig, hogy az aktu\u00e1lis trendeket \u00e9s hat\u00f3s\u00e1gi k\u00f6vetelm\u00e9nyeket k\u00f6vetve hogyan ir\u00e1ny\u00edtsuk a v\u00e1llalkoz\u00e1st.<br \/>10. Modern t\u00e1mogat\u00f3 rendszerek: chatbot, \u00e1raz\u00f3 mesters\u00e9ges intelligencia, 0-24 el\u00e9rhet\u0151s\u00e9g, channel manager.<br \/>11. Sz\u00e1llodaiparban szerzett tapasztalattal rendelkez\u0151, profi takar\u00edt\u00f3 csapat.<br \/>12. Text\u00edli\u00e1k (\u00e1gynem\u0171, t\u00f6r\u00f6lk\u00f6z\u0151, konyharuha stb.) sz\u00e1ll\u00edt\u00e1sa, mos\u00e1sa, vasal\u00e1sa.<\/p><p>Tekintse meg a <a href=\"https:\/\/goldcentral.hu\/wp-content\/uploads\/2024\/04\/Operating-Contract_Arany-Example.pdf\" target=\"_blank\" rel=\"noopener\">szerz\u0151d\u00e9sp\u00e9ld\u00e1inkat<\/a> avagy n\u00e9h\u00e1nyat a legn\u00e9pszer\u0171bb projektjeink k\u00f6z\u00fcl!<\/p><p>L\u00e9pjen vel\u00fcnk kapcsolatba \u00e9s kezdj\u00fcnk k\u00f6z\u00f6s v\u00e1llalkoz\u00e1sba!<\/p>\t\t\t\t\t\t\t\t<\/div>\n\t\t\t\t<\/div>\n\t\t\t\t\t<\/div>\n\t\t<\/div>\n\t\t\t\t\t<\/div>\n\t\t<\/section>\n\t\t\t\t<section class=\"elementor-section elementor-top-section elementor-element elementor-element-148b7ce elementor-section-full_width elementor-section-height-min-height elementor-section-items-stretch elementor-section-content-middle elementor-section-height-default\" data-id=\"148b7ce\" data-element_type=\"section\">\n\t\t\t\t\t\t<div class=\"elementor-container elementor-column-gap-default\">\n\t\t\t\t\t<div class=\"elementor-column elementor-col-50 elementor-top-column elementor-element elementor-element-7457c5c2\" data-id=\"7457c5c2\" data-element_type=\"column\" data-settings=\"{&quot;background_background&quot;:&quot;none&quot;}\">\n\t\t\t<div class=\"elementor-widget-wrap elementor-element-populated\">\n\t\t\t\t\t\t<div class=\"elementor-element elementor-element-2d508584 elementor-widget elementor-widget-heading\" data-id=\"2d508584\" data-element_type=\"widget\" data-widget_type=\"heading.default\">\n\t\t\t\t<div class=\"elementor-widget-container\">\n\t\t\t\t\t<h2 class=\"elementor-heading-title elementor-size-large\">Contact<\/h2>\t\t\t\t<\/div>\n\t\t\t\t<\/div>\n\t\t\t\t<div class=\"elementor-element elementor-element-2f8a2665 elementor-widget-divider--view-line elementor-widget elementor-widget-divider\" data-id=\"2f8a2665\" data-element_type=\"widget\" data-widget_type=\"divider.default\">\n\t\t\t\t<div class=\"elementor-widget-container\">\n\t\t\t\t\t\t\t<div class=\"elementor-divider\">\n\t\t\t<span class=\"elementor-divider-separator\">\n\t\t\t\t\t\t<\/span>\n\t\t<\/div>\n\t\t\t\t\t\t<\/div>\n\t\t\t\t<\/div>\n\t\t\t\t<div class=\"elementor-element elementor-element-6098b124 elementor-widget elementor-widget-heading\" data-id=\"6098b124\" data-element_type=\"widget\" data-widget_type=\"heading.default\">\n\t\t\t\t<div class=\"elementor-widget-container\">\n\t\t\t\t\t<p class=\"elementor-heading-title elementor-size-large\">Feel free to contact us if you have any questions!<\/p>\t\t\t\t<\/div>\n\t\t\t\t<\/div>\n\t\t\t\t\t<\/div>\n\t\t<\/div>\n\t\t\t\t<div class=\"elementor-column elementor-col-50 elementor-top-column elementor-element elementor-element-16cf4b6d\" data-id=\"16cf4b6d\" data-element_type=\"column\" data-settings=\"{&quot;background_background&quot;:&quot;classic&quot;}\">\n\t\t\t<div class=\"elementor-widget-wrap elementor-element-populated\">\n\t\t\t\t\t\t<div class=\"elementor-element elementor-element-3dfde923 elementor-icon-list--layout-traditional elementor-list-item-link-full_width elementor-widget elementor-widget-icon-list\" data-id=\"3dfde923\" data-element_type=\"widget\" data-widget_type=\"icon-list.default\">\n\t\t\t\t<div class=\"elementor-widget-container\">\n\t\t\t\t\t\t\t<ul class=\"elementor-icon-list-items\">\n\t\t\t\t\t\t\t<li class=\"elementor-icon-list-item\">\n\t\t\t\t\t\t\t\t\t\t\t<a href=\"mailto:info@goldcentral.hu\">\n\n\t\t\t\t\t\t\t\t\t\t\t\t<span class=\"elementor-icon-list-icon\">\n\t\t\t\t\t\t\t<i aria-hidden=\"true\" class=\"far fa-envelope\"><\/i>\t\t\t\t\t\t<\/span>\n\t\t\t\t\t\t\t\t\t\t<span class=\"elementor-icon-list-text\">Apartments: info@goldcentral.hu<\/span>\n\t\t\t\t\t\t\t\t\t\t\t<\/a>\n\t\t\t\t\t\t\t\t\t<\/li>\n\t\t\t\t\t\t\t\t<li class=\"elementor-icon-list-item\">\n\t\t\t\t\t\t\t\t\t\t\t<a href=\"tel:+36301774215\">\n\n\t\t\t\t\t\t\t\t\t\t\t\t<span class=\"elementor-icon-list-icon\">\n\t\t\t\t\t\t\t<i aria-hidden=\"true\" class=\"fas fa-phone\"><\/i>\t\t\t\t\t\t<\/span>\n\t\t\t\t\t\t\t\t\t\t<span class=\"elementor-icon-list-text\">+36 30 177 4215<\/span>\n\t\t\t\t\t\t\t\t\t\t\t<\/a>\n\t\t\t\t\t\t\t\t\t<\/li>\n\t\t\t\t\t\t<\/ul>\n\t\t\t\t\t\t<\/div>\n\t\t\t\t<\/div>\n\t\t\t\t\t<\/div>\n\t\t<\/div>\n\t\t\t\t\t<\/div>\n\t\t<\/section>\n\t\t\t\t<\/div>\n\t\t","protected":false},"excerpt":{"rendered":"<p>Tisztelt \u00c9rdekl\u0151d\u0151! \u00d6r\u00f6mmel \u00fcdv\u00f6z\u00f6lj\u00fck port\u00e1lunkon, ahol a vend\u00e9gl\u00e1t\u00e1s ir\u00e1nti szenved\u00e9ly \u00e9s a professzion\u00e1lis \u00fczleti megk\u00f6zel\u00edt\u00e9s tal\u00e1lkozik! 2014 \u00f3ta foglalkozunk ingatlanok \u00fczemeltet\u00e9s\u00e9vel Budapesten, ami a k\u00f6znyelvben &#8222;AIRBNB&#8221; kiad\u00e1sk\u00e9nt ismert. Leend\u0151 partnereinknek a k\u00f6vetkez\u0151ket tudjuk k\u00edn\u00e1lni: 1. Konzervat\u00edv \u00e9s kock\u00e1zatmentes lehet\u0151s\u00e9get arra, hogy megfelel\u0151 ingatlant tal\u00e1ljon \u00e9s ebb\u0151l bev\u00e9telt termeljen.2. Lakberendez\u00e9s, design kialak\u00edt\u00e1s a kiadhat\u00f3 napok maximaliz\u00e1l\u00e1sa &#8230; <a title=\"Partnerek\" class=\"read-more\" href=\"https:\/\/goldcentral.hu\/hu\/partnerek\/\" aria-label=\"Read more about Partnerek\">Olvass tov\u00e1bb<\/a><\/p>\n","protected":false},"author":1,"featured_media":0,"parent":0,"menu_order":0,"comment_status":"closed","ping_status":"closed","template":"","meta":{"_seopress_robots_primary_cat":"","_seopress_titles_title":"","_seopress_titles_desc":"","_seopress_robots_index":"","footnotes":""},"class_list":["post-1909","page","type-page","status-publish"],"_links":{"self":[{"href":"https:\/\/goldcentral.hu\/hu\/wp-json\/wp\/v2\/pages\/1909","targetHints":{"allow":["GET"]}}],"collection":[{"href":"https:\/\/goldcentral.hu\/hu\/wp-json\/wp\/v2\/pages"}],"about":[{"href":"https:\/\/goldcentral.hu\/hu\/wp-json\/wp\/v2\/types\/page"}],"author":[{"embeddable":true,"href":"https:\/\/goldcentral.hu\/hu\/wp-json\/wp\/v2\/users\/1"}],"replies":[{"embeddable":true,"href":"https:\/\/goldcentral.hu\/hu\/wp-json\/wp\/v2\/comments?post=1909"}],"version-history":[{"count":32,"href":"https:\/\/goldcentral.hu\/hu\/wp-json\/wp\/v2\/pages\/1909\/revisions"}],"predecessor-version":[{"id":3990,"href":"https:\/\/goldcentral.hu\/hu\/wp-json\/wp\/v2\/pages\/1909\/revisions\/3990"}],"wp:attachment":[{"href":"https:\/\/goldcentral.hu\/hu\/wp-json\/wp\/v2\/media?parent=1909"}],"curies":[{"name":"wp","href":"https:\/\/api.w.org\/{rel}","templated":true}]}}